{"id":1641,"date":"2024-04-25T16:11:51","date_gmt":"2024-04-25T16:11:51","guid":{"rendered":"https:\/\/www.lornedranering.se\/documentation\/"},"modified":"2024-09-20T07:23:55","modified_gmt":"2024-09-20T07:23:55","slug":"documentation","status":"publish","type":"page","link":"https:\/\/www.lornedranering.se\/en\/documentation\/","title":{"rendered":"Documentation"},"content":{"rendered":"\t\t<div data-elementor-type=\"wp-page\" data-elementor-id=\"1641\" class=\"elementor elementor-1641 elementor-540\" data-elementor-post-type=\"page\">\n\t\t\t\t<div class=\"elementor-element elementor-element-29989b3 e-flex e-con-boxed e-con e-parent\" data-id=\"29989b3\" data-element_type=\"container\" data-e-type=\"container\">\n\t\t\t\t\t<div class=\"e-con-inner\">\n\t\t\t\t<div class=\"elementor-element elementor-element-0b71f11 elementor-widget elementor-widget-heading\" data-id=\"0b71f11\" data-element_type=\"widget\" data-e-type=\"widget\" data-widget_type=\"heading.default\">\n\t\t\t\t\t<h2 class=\"elementor-heading-title elementor-size-default\">Documentation<\/h2>\t\t\t\t<\/div>\n\t\t\t\t<div class=\"elementor-element elementor-element-ac31f40 elementor-widget elementor-widget-text-editor\" data-id=\"ac31f40\" data-element_type=\"widget\" data-e-type=\"widget\" data-widget_type=\"text-editor.default\">\n\t\t\t\t\t\t\t\t\t<div class=\"nectar-split-heading markup-generated animated-in\" data-align=\"default\" data-m-align=\"inherit\" data-text-effect=\"default\" data-animation-type=\"line-reveal-by-space\" data-animation-delay=\"0\" data-animation-offset=\"\" data-m-rm-animation=\"\" data-stagger=\"\" data-custom-font-size=\"false\">\n<p><span class=\"inner\">We are<\/span> <span class=\"inner\">perform<\/span> <span class=\"inner\">over<\/span> <span class=\"inner\">100 <\/span><span class=\"inner\">drainages<\/span> <span class=\"inner\">per<\/span> <span class=\"inner\">year and has drained more than 1200 properties since 2009. All work is documented.<\/span><\/p>\n<p><strong>Below are some of the projects we have carried out or are currently working on.<\/strong><\/p>\n<\/div>\n<div class=\"wpb_text_column wpb_content_element \">\n<div class=\"wpb_wrapper\">\n<h3>Call now &#8211; <a href=\"tel:031-7626188\">031-7626188<\/a><\/h3>\n<\/div>\n<\/div>\n\t\t\t\t\t\t\t\t<\/div>\n\t\t\t\t\t<\/div>\n\t\t\t\t<\/div>\n\t\t<div class=\"elementor-element elementor-element-2d46ab8 e-flex e-con-boxed e-con e-parent\" data-id=\"2d46ab8\" data-element_type=\"container\" data-e-type=\"container\">\n\t\t\t\t\t<div class=\"e-con-inner\">\n\t\t\t\t<div class=\"elementor-element elementor-element-bb84e9e elementor-grid-3 elementor-grid-tablet-2 elementor-grid-mobile-1 elementor-widget elementor-widget-portfolio\" data-id=\"bb84e9e\" data-element_type=\"widget\" data-e-type=\"widget\" data-settings=\"{&quot;item_ratio&quot;:{&quot;unit&quot;:&quot;px&quot;,&quot;size&quot;:0.86,&quot;sizes&quot;:[]},&quot;row_gap&quot;:{&quot;unit&quot;:&quot;px&quot;,&quot;size&quot;:25,&quot;sizes&quot;:[]},&quot;columns&quot;:&quot;3&quot;,&quot;columns_tablet&quot;:&quot;2&quot;,&quot;columns_mobile&quot;:&quot;1&quot;,&quot;item_gap&quot;:{&quot;unit&quot;:&quot;px&quot;,&quot;size&quot;:&quot;&quot;,&quot;sizes&quot;:[]}}\" data-widget_type=\"portfolio.default\">\n\t\t\t\t<div class=\"elementor-widget-container\">\n\t\t\t\t\t\t\t<div class=\"elementor-portfolio elementor-grid elementor-posts-container\" role=\"list\">\n\t\t\t\t<article class=\"elementor-portfolio-item elementor-post  post-2357 post type-post status-publish format-standard has-post-thumbnail hentry category-id06-en category-recovery\" role=\"listitem\">\n\t\t\t<a class=\"elementor-post__thumbnail__link\" href=\"https:\/\/www.lornedranering.se\/en\/2025\/05\/23\/replacement-of-waterproofing-and-construction-of-new-courtyard-for-brf-in-helsingborg\/\">\n\t\t\t\t<div class=\"elementor-portfolio-item__img elementor-post__thumbnail\">\n\t\t\t<img fetchpriority=\"high\" decoding=\"async\" width=\"398\" height=\"298\" src=\"https:\/\/www.lornedranering.se\/wp-content\/uploads\/2025\/05\/thumbnail_image0000001.jpg\" class=\"attachment-medium_large size-medium_large wp-image-2335\" alt=\"Inneg\u00e5rd i Helsingborg\" srcset=\"https:\/\/www.lornedranering.se\/wp-content\/uploads\/2025\/05\/thumbnail_image0000001.jpg 398w, https:\/\/www.lornedranering.se\/wp-content\/uploads\/2025\/05\/thumbnail_image0000001-300x225.jpg 300w\" sizes=\"(max-width: 398px) 100vw, 398px\" \/>\t\t<\/div>\n\t\t\t\t<div class=\"elementor-portfolio-item__overlay\">\n\t\t\t\t<h3 class=\"elementor-portfolio-item__title\">\n\t\tReplacement of waterproofing and construction of new courtyard for BRF in Helsingborg\t\t<\/h3>\n\t\t\t\t<\/div>\n\t\t\t\t<\/a>\n\t\t<\/article>\n\t\t\t\t<article class=\"elementor-portfolio-item elementor-post  post-2326 post type-post status-publish format-standard has-post-thumbnail hentry category-drainage category-id06-en category-recovery\" role=\"listitem\">\n\t\t\t<a class=\"elementor-post__thumbnail__link\" href=\"https:\/\/www.lornedranering.se\/en\/2025\/05\/23\/drainage-and-yard-restoration-in-malmo\/\">\n\t\t\t\t<div class=\"elementor-portfolio-item__img elementor-post__thumbnail\">\n\t\t\t<img decoding=\"async\" width=\"768\" height=\"576\" src=\"https:\/\/www.lornedranering.se\/wp-content\/uploads\/2025\/05\/thumbnail_IMG_7519-768x576.jpg\" class=\"attachment-medium_large size-medium_large wp-image-2317\" alt=\"Trevliga milj\u00f6er efter utf\u00f6rd dr\u00e4nering i Malm\u00f6\" srcset=\"https:\/\/www.lornedranering.se\/wp-content\/uploads\/2025\/05\/thumbnail_IMG_7519-768x576.jpg 768w, https:\/\/www.lornedranering.se\/wp-content\/uploads\/2025\/05\/thumbnail_IMG_7519-300x225.jpg 300w, https:\/\/www.lornedranering.se\/wp-content\/uploads\/2025\/05\/thumbnail_IMG_7519-1024x768.jpg 1024w, https:\/\/www.lornedranering.se\/wp-content\/uploads\/2025\/05\/thumbnail_IMG_7519-1536x1152.jpg 1536w, https:\/\/www.lornedranering.se\/wp-content\/uploads\/2025\/05\/thumbnail_IMG_7519.jpg 1920w\" sizes=\"(max-width: 768px) 100vw, 768px\" \/>\t\t<\/div>\n\t\t\t\t<div class=\"elementor-portfolio-item__overlay\">\n\t\t\t\t<h3 class=\"elementor-portfolio-item__title\">\n\t\tDrainage and yard restoration in Malm\u00f6\t\t<\/h3>\n\t\t\t\t<\/div>\n\t\t\t\t<\/a>\n\t\t<\/article>\n\t\t\t\t<article class=\"elementor-portfolio-item elementor-post  post-2120 post type-post status-publish format-standard has-post-thumbnail hentry category-drainage category-id06-en\" role=\"listitem\">\n\t\t\t<a class=\"elementor-post__thumbnail__link\" href=\"https:\/\/www.lornedranering.se\/en\/2025\/03\/03\/choose-the-right-company-for-your-drainage\/\">\n\t\t\t\t<div class=\"elementor-portfolio-item__img elementor-post__thumbnail\">\n\t\t\t<img decoding=\"async\" width=\"768\" height=\"577\" src=\"https:\/\/www.lornedranering.se\/wp-content\/uploads\/2025\/03\/e5aa5a5a-b5ac-4f07-a0b9-34cc14bc60ee-768x577.webp\" class=\"attachment-medium_large size-medium_large wp-image-2185\" alt=\"Bild p\u00e5 ett hus d\u00e4r r\u00e4tt f\u00f6retag f\u00f6r dr\u00e4nering anv\u00e4nts. Ett str\u00e5lande resultat.\" srcset=\"https:\/\/www.lornedranering.se\/wp-content\/uploads\/2025\/03\/e5aa5a5a-b5ac-4f07-a0b9-34cc14bc60ee-768x577.webp 768w, https:\/\/www.lornedranering.se\/wp-content\/uploads\/2025\/03\/e5aa5a5a-b5ac-4f07-a0b9-34cc14bc60ee-300x226.webp 300w, https:\/\/www.lornedranering.se\/wp-content\/uploads\/2025\/03\/e5aa5a5a-b5ac-4f07-a0b9-34cc14bc60ee-1024x770.webp 1024w, https:\/\/www.lornedranering.se\/wp-content\/uploads\/2025\/03\/e5aa5a5a-b5ac-4f07-a0b9-34cc14bc60ee.webp 1152w\" sizes=\"(max-width: 768px) 100vw, 768px\" \/>\t\t<\/div>\n\t\t\t\t<div class=\"elementor-portfolio-item__overlay\">\n\t\t\t\t<h3 class=\"elementor-portfolio-item__title\">\n\t\tChoose the right company for your drainage\t\t<\/h3>\n\t\t\t\t<\/div>\n\t\t\t\t<\/a>\n\t\t<\/article>\n\t\t\t\t<article class=\"elementor-portfolio-item elementor-post  post-1680 post type-post status-publish format-standard has-post-thumbnail hentry category-drainage\" role=\"listitem\">\n\t\t\t<a class=\"elementor-post__thumbnail__link\" href=\"https:\/\/www.lornedranering.se\/en\/2024\/05\/14\/natural-stone-paving-and-wall-in-orgryte-gothenburg\/\">\n\t\t\t\t<div class=\"elementor-portfolio-item__img elementor-post__thumbnail\">\n\t\t\t<img loading=\"lazy\" decoding=\"async\" width=\"768\" height=\"576\" src=\"https:\/\/www.lornedranering.se\/wp-content\/uploads\/2024\/05\/Trappa-och-mur-i-natursten-768x576.jpg\" class=\"attachment-medium_large size-medium_large wp-image-1639\" alt=\"\" srcset=\"https:\/\/www.lornedranering.se\/wp-content\/uploads\/2024\/05\/Trappa-och-mur-i-natursten-768x576.jpg 768w, https:\/\/www.lornedranering.se\/wp-content\/uploads\/2024\/05\/Trappa-och-mur-i-natursten-300x225.jpg 300w, https:\/\/www.lornedranering.se\/wp-content\/uploads\/2024\/05\/Trappa-och-mur-i-natursten-1024x768.jpg 1024w, https:\/\/www.lornedranering.se\/wp-content\/uploads\/2024\/05\/Trappa-och-mur-i-natursten-1536x1152.jpg 1536w, https:\/\/www.lornedranering.se\/wp-content\/uploads\/2024\/05\/Trappa-och-mur-i-natursten.jpg 1920w\" sizes=\"(max-width: 768px) 100vw, 768px\" \/>\t\t<\/div>\n\t\t\t\t<div class=\"elementor-portfolio-item__overlay\">\n\t\t\t\t<h3 class=\"elementor-portfolio-item__title\">\n\t\tNatural stone paving and wall in \u00d6rgryte &#8211; Gothenburg\t\t<\/h3>\n\t\t\t\t<\/div>\n\t\t\t\t<\/a>\n\t\t<\/article>\n\t\t\t\t<article class=\"elementor-portfolio-item elementor-post  post-1703 post type-post status-publish format-standard has-post-thumbnail hentry category-drainage\" role=\"listitem\">\n\t\t\t<a class=\"elementor-post__thumbnail__link\" href=\"https:\/\/www.lornedranering.se\/en\/2024\/05\/14\/various-assignments-for-drainage-insulation-gothenburg\/\">\n\t\t\t\t<div class=\"elementor-portfolio-item__img elementor-post__thumbnail\">\n\t\t\t<img loading=\"lazy\" decoding=\"async\" width=\"768\" height=\"512\" src=\"https:\/\/www.lornedranering.se\/wp-content\/uploads\/2024\/05\/DraneringPagarCompressed-1-768x512.jpeg\" class=\"attachment-medium_large size-medium_large wp-image-1609\" alt=\"\" srcset=\"https:\/\/www.lornedranering.se\/wp-content\/uploads\/2024\/05\/DraneringPagarCompressed-1-768x512.jpeg 768w, https:\/\/www.lornedranering.se\/wp-content\/uploads\/2024\/05\/DraneringPagarCompressed-1-300x200.jpeg 300w, https:\/\/www.lornedranering.se\/wp-content\/uploads\/2024\/05\/DraneringPagarCompressed-1-1024x683.jpeg 1024w, https:\/\/www.lornedranering.se\/wp-content\/uploads\/2024\/05\/DraneringPagarCompressed-1-1536x1025.jpeg 1536w, https:\/\/www.lornedranering.se\/wp-content\/uploads\/2024\/05\/DraneringPagarCompressed-1.jpeg 1619w\" sizes=\"(max-width: 768px) 100vw, 768px\" \/>\t\t<\/div>\n\t\t\t\t<div class=\"elementor-portfolio-item__overlay\">\n\t\t\t\t<h3 class=\"elementor-portfolio-item__title\">\n\t\tVarious assignments for Drainage &amp; Insulation Gothenburg\t\t<\/h3>\n\t\t\t\t<\/div>\n\t\t\t\t<\/a>\n\t\t<\/article>\n\t\t\t\t<article class=\"elementor-portfolio-item elementor-post  post-1677 post type-post status-publish format-standard has-post-thumbnail hentry category-stone-laying\" role=\"listitem\">\n\t\t\t<a class=\"elementor-post__thumbnail__link\" href=\"https:\/\/www.lornedranering.se\/en\/2024\/05\/13\/paving-with-natural-stone-slate-and-granite-in-hovas\/\">\n\t\t\t\t<div class=\"elementor-portfolio-item__img elementor-post__thumbnail\">\n\t\t\t<img loading=\"lazy\" decoding=\"async\" width=\"768\" height=\"962\" src=\"https:\/\/www.lornedranering.se\/wp-content\/uploads\/2024\/05\/331810910_683862610093050_7576593299795012236_n-768x962.jpg\" class=\"attachment-medium_large size-medium_large wp-image-1636\" alt=\"\" srcset=\"https:\/\/www.lornedranering.se\/wp-content\/uploads\/2024\/05\/331810910_683862610093050_7576593299795012236_n-768x962.jpg 768w, https:\/\/www.lornedranering.se\/wp-content\/uploads\/2024\/05\/331810910_683862610093050_7576593299795012236_n-240x300.jpg 240w, https:\/\/www.lornedranering.se\/wp-content\/uploads\/2024\/05\/331810910_683862610093050_7576593299795012236_n-818x1024.jpg 818w, https:\/\/www.lornedranering.se\/wp-content\/uploads\/2024\/05\/331810910_683862610093050_7576593299795012236_n.jpg 1077w\" sizes=\"(max-width: 768px) 100vw, 768px\" \/>\t\t<\/div>\n\t\t\t\t<div class=\"elementor-portfolio-item__overlay\">\n\t\t\t\t<h3 class=\"elementor-portfolio-item__title\">\n\t\tPaving with natural stone, slate and granite in Hov\u00e5s\t\t<\/h3>\n\t\t\t\t<\/div>\n\t\t\t\t<\/a>\n\t\t<\/article>\n\t\t\t\t<\/div>\n\t\t\t\t\t\t<\/div>\n\t\t\t\t<\/div>\n\t\t\t\t\t<\/div>\n\t\t\t\t<\/div>\n\t\t\t\t<\/div>\n\t\t","protected":false},"excerpt":{"rendered":"<p>Documentation We are perform over 100 drainages per year and has drained more than 1200 properties since 2009. All work is documented. Below are some of the projects we have carried out or are currently working on. Call now &#8211; 031-7626188<\/p>\n","protected":false},"author":1,"featured_media":1595,"parent":0,"menu_order":0,"comment_status":"closed","ping_status":"closed","template":"elementor_header_footer","meta":{"footnotes":""},"class_list":["post-1641","page","type-page","status-publish","has-post-thumbnail","hentry"],"yoast_head":"<!-- This site is optimized with the Yoast SEO Premium plugin v27.1 (Yoast SEO v27.1.1) - https:\/\/yoast.com\/product\/yoast-seo-premium-wordpress\/ -->\n<title>Documentation - Lorn\u00e9 Mark &amp; Fastighetsservice AB<\/title>\n<meta name=\"description\" content=\"Experience and documentation go hand in hand in our drainage projects. We document every step to give you peace of mind and quality.\" \/>\n<meta name=\"robots\" content=\"index, follow, max-snippet:-1, max-image-preview:large, max-video-preview:-1\" \/>\n<link rel=\"canonical\" href=\"https:\/\/www.lornedranering.se\/en\/documentation\/\" \/>\n<meta property=\"og:locale\" content=\"en_US\" \/>\n<meta property=\"og:type\" content=\"article\" \/>\n<meta property=\"og:title\" content=\"Documentation\" \/>\n<meta property=\"og:description\" content=\"Experience and documentation go hand in hand in our drainage projects. We document every step to give you peace of mind and quality.\" \/>\n<meta property=\"og:url\" content=\"https:\/\/www.lornedranering.se\/en\/documentation\/\" \/>\n<meta property=\"og:site_name\" content=\"Lorn\u00e9 Mark &amp; Fastighetsservice AB\" \/>\n<meta property=\"article:publisher\" content=\"https:\/\/www.facebook.com\/lornedranering\" \/>\n<meta property=\"article:modified_time\" content=\"2024-09-20T07:23:55+00:00\" \/>\n<meta property=\"og:image\" content=\"https:\/\/www.lornedranering.se\/wp-content\/uploads\/2024\/05\/Floda4.jpg\" \/>\n\t<meta property=\"og:image:width\" content=\"1079\" \/>\n\t<meta property=\"og:image:height\" content=\"1351\" \/>\n\t<meta property=\"og:image:type\" content=\"image\/jpeg\" \/>\n<meta name=\"twitter:card\" content=\"summary_large_image\" \/>\n<meta name=\"twitter:label1\" content=\"Est. reading time\" \/>\n\t<meta name=\"twitter:data1\" content=\"2 minutes\" \/>\n<script type=\"application\/ld+json\" class=\"yoast-schema-graph\">{\"@context\":\"https:\/\/schema.org\",\"@graph\":[{\"@type\":\"WebPage\",\"@id\":\"https:\/\/www.lornedranering.se\/en\/documentation\/\",\"url\":\"https:\/\/www.lornedranering.se\/en\/documentation\/\",\"name\":\"Documentation - Lorn\u00e9 Mark &amp; Fastighetsservice AB\",\"isPartOf\":{\"@id\":\"https:\/\/www.lornedranering.se\/en\/#website\"},\"primaryImageOfPage\":{\"@id\":\"https:\/\/www.lornedranering.se\/en\/documentation\/#primaryimage\"},\"image\":{\"@id\":\"https:\/\/www.lornedranering.se\/en\/documentation\/#primaryimage\"},\"thumbnailUrl\":\"https:\/\/www.lornedranering.se\/wp-content\/uploads\/2024\/05\/Floda4.jpg\",\"datePublished\":\"2024-04-25T16:11:51+00:00\",\"dateModified\":\"2024-09-20T07:23:55+00:00\",\"description\":\"Experience and documentation go hand in hand in our drainage projects. We document every step to give you peace of mind and quality.\",\"breadcrumb\":{\"@id\":\"https:\/\/www.lornedranering.se\/en\/documentation\/#breadcrumb\"},\"inLanguage\":\"en-US\",\"potentialAction\":[{\"@type\":\"ReadAction\",\"target\":[\"https:\/\/www.lornedranering.se\/en\/documentation\/\"]}]},{\"@type\":\"ImageObject\",\"inLanguage\":\"en-US\",\"@id\":\"https:\/\/www.lornedranering.se\/en\/documentation\/#primaryimage\",\"url\":\"https:\/\/www.lornedranering.se\/wp-content\/uploads\/2024\/05\/Floda4.jpg\",\"contentUrl\":\"https:\/\/www.lornedranering.se\/wp-content\/uploads\/2024\/05\/Floda4.jpg\",\"width\":1079,\"height\":1351},{\"@type\":\"BreadcrumbList\",\"@id\":\"https:\/\/www.lornedranering.se\/en\/documentation\/#breadcrumb\",\"itemListElement\":[{\"@type\":\"ListItem\",\"position\":1,\"name\":\"Hem\",\"item\":\"https:\/\/www.lornedranering.se\/en\/\"},{\"@type\":\"ListItem\",\"position\":2,\"name\":\"Documentation\"}]},{\"@type\":\"WebSite\",\"@id\":\"https:\/\/www.lornedranering.se\/en\/#website\",\"url\":\"https:\/\/www.lornedranering.se\/en\/\",\"name\":\"Lorn\u00e9 Mark & Fastighetsservice AB\",\"description\":\"Vi utf\u00f6r dr\u00e4nering &amp; isolering i G\u00f6teborg och Malm\u00f6\",\"publisher\":{\"@id\":\"https:\/\/www.lornedranering.se\/en\/#organization\"},\"alternateName\":\"Lorn\u00e9 Dr\u00e4nering\",\"potentialAction\":[{\"@type\":\"SearchAction\",\"target\":{\"@type\":\"EntryPoint\",\"urlTemplate\":\"https:\/\/www.lornedranering.se\/en\/?s={search_term_string}\"},\"query-input\":{\"@type\":\"PropertyValueSpecification\",\"valueRequired\":true,\"valueName\":\"search_term_string\"}}],\"inLanguage\":\"en-US\"},{\"@type\":[\"Organization\",\"Place\"],\"@id\":\"https:\/\/www.lornedranering.se\/en\/#organization\",\"name\":\"Lorn\u00e9 Mark & Fastighetsservice AB\",\"alternateName\":\"Lorn\u00e9 Dr\u00e4nering\",\"url\":\"https:\/\/www.lornedranering.se\/en\/\",\"logo\":{\"@id\":\"https:\/\/www.lornedranering.se\/en\/documentation\/#local-main-organization-logo\"},\"image\":{\"@id\":\"https:\/\/www.lornedranering.se\/en\/documentation\/#local-main-organization-logo\"},\"sameAs\":[\"https:\/\/www.facebook.com\/lornedranering\",\"https:\/\/www.instagram.com\/lornedranering\",\"https:\/\/www.youtube.com\/channel\/UCVh9f4_ROOUDrIZ2_TlrtDA\"],\"description\":\"Vi utf\u00f6r dr\u00e4nering och isolering i G\u00f6teborg och Malm\u00f6. Lorn\u00e9 Mark & Fastighetsservice AB \u00e4r ett v\u00e4letablerat dr\u00e4neringsf\u00f6retag och vi har gjort \u00f6ver 1000 dr\u00e4neringar sedan 2009. Varje \u00e5r g\u00f6r vi \u00f6ver 100 dr\u00e4neringar. Inom koncernen oms\u00e4tter vi \u00f6ver 40 miljoner kronor \u00e5rligen. 10 \u00e5rs garanti p\u00e5 alla utf\u00f6rda dr\u00e4neringar.\",\"legalName\":\"Lorn\u00e9 Mark & Fastighetsservice AB\",\"foundingDate\":\"2024-01-01\",\"numberOfEmployees\":{\"@type\":\"QuantitativeValue\",\"minValue\":\"11\",\"maxValue\":\"50\"},\"address\":{\"@id\":\"https:\/\/www.lornedranering.se\/en\/documentation\/#local-main-place-address\"},\"geo\":{\"@type\":\"GeoCoordinates\",\"latitude\":\"57.642770\",\"longitude\":\"11.958410\"},\"telephone\":[\"031-762 61 88\"],\"contactPoint\":{\"@type\":\"ContactPoint\",\"telephone\":\"031-762 61 88\",\"email\":\"lennart@lornemark.se\"},\"openingHoursSpecification\":[{\"@type\":\"OpeningHoursSpecification\",\"dayOfWeek\":[\"Monday\",\"Tuesday\",\"Wednesday\",\"Thursday\"],\"opens\":\"08:00\",\"closes\":\"16:00\"},{\"@type\":\"OpeningHoursSpecification\",\"dayOfWeek\":[\"Friday\"],\"opens\":\"08:00\",\"closes\":\"14:00\"},{\"@type\":\"OpeningHoursSpecification\",\"dayOfWeek\":[\"Saturday\",\"Sunday\"],\"opens\":\"00:00\",\"closes\":\"00:00\"}],\"email\":\"lennart@lornemark.se\",\"vatID\":\"SE556786122301\"},{\"@type\":\"PostalAddress\",\"@id\":\"https:\/\/www.lornedranering.se\/en\/documentation\/#local-main-place-address\",\"streetAddress\":\"S\u00f6dra L\u00e5ngebergsgatan 20\",\"addressLocality\":\"G\u00f6teborg\",\"postalCode\":\"43632\",\"addressCountry\":\"SE\"},{\"@type\":\"ImageObject\",\"inLanguage\":\"en-US\",\"@id\":\"https:\/\/www.lornedranering.se\/en\/documentation\/#local-main-organization-logo\",\"url\":\"https:\/\/www.lornedranering.se\/wp-content\/uploads\/2024\/05\/cropped-android-chrome-512x512-1.png\",\"contentUrl\":\"https:\/\/www.lornedranering.se\/wp-content\/uploads\/2024\/05\/cropped-android-chrome-512x512-1.png\",\"width\":512,\"height\":512,\"caption\":\"Lorn\u00e9 Mark & Fastighetsservice AB\"}]}<\/script>\n<meta name=\"geo.placename\" content=\"G\u00f6teborg\" \/>\n<meta name=\"geo.position\" content=\"57.642770;11.958410\" \/>\n<meta name=\"geo.region\" content=\"Sweden\" \/>\n<!-- \/ Yoast SEO Premium plugin. -->","yoast_head_json":{"title":"Documentation - Lorn\u00e9 Mark &amp; Fastighetsservice AB","description":"Experience and documentation go hand in hand in our drainage projects. We document every step to give you peace of mind and quality.","robots":{"index":"index","follow":"follow","max-snippet":"max-snippet:-1","max-image-preview":"max-image-preview:large","max-video-preview":"max-video-preview:-1"},"canonical":"https:\/\/www.lornedranering.se\/en\/documentation\/","og_locale":"en_US","og_type":"article","og_title":"Documentation","og_description":"Experience and documentation go hand in hand in our drainage projects. We document every step to give you peace of mind and quality.","og_url":"https:\/\/www.lornedranering.se\/en\/documentation\/","og_site_name":"Lorn\u00e9 Mark &amp; Fastighetsservice AB","article_publisher":"https:\/\/www.facebook.com\/lornedranering","article_modified_time":"2024-09-20T07:23:55+00:00","og_image":[{"width":1079,"height":1351,"url":"https:\/\/www.lornedranering.se\/wp-content\/uploads\/2024\/05\/Floda4.jpg","type":"image\/jpeg"}],"twitter_card":"summary_large_image","twitter_misc":{"Est. reading time":"2 minutes"},"schema":{"@context":"https:\/\/schema.org","@graph":[{"@type":"WebPage","@id":"https:\/\/www.lornedranering.se\/en\/documentation\/","url":"https:\/\/www.lornedranering.se\/en\/documentation\/","name":"Documentation - Lorn\u00e9 Mark &amp; Fastighetsservice AB","isPartOf":{"@id":"https:\/\/www.lornedranering.se\/en\/#website"},"primaryImageOfPage":{"@id":"https:\/\/www.lornedranering.se\/en\/documentation\/#primaryimage"},"image":{"@id":"https:\/\/www.lornedranering.se\/en\/documentation\/#primaryimage"},"thumbnailUrl":"https:\/\/www.lornedranering.se\/wp-content\/uploads\/2024\/05\/Floda4.jpg","datePublished":"2024-04-25T16:11:51+00:00","dateModified":"2024-09-20T07:23:55+00:00","description":"Experience and documentation go hand in hand in our drainage projects. We document every step to give you peace of mind and quality.","breadcrumb":{"@id":"https:\/\/www.lornedranering.se\/en\/documentation\/#breadcrumb"},"inLanguage":"en-US","potentialAction":[{"@type":"ReadAction","target":["https:\/\/www.lornedranering.se\/en\/documentation\/"]}]},{"@type":"ImageObject","inLanguage":"en-US","@id":"https:\/\/www.lornedranering.se\/en\/documentation\/#primaryimage","url":"https:\/\/www.lornedranering.se\/wp-content\/uploads\/2024\/05\/Floda4.jpg","contentUrl":"https:\/\/www.lornedranering.se\/wp-content\/uploads\/2024\/05\/Floda4.jpg","width":1079,"height":1351},{"@type":"BreadcrumbList","@id":"https:\/\/www.lornedranering.se\/en\/documentation\/#breadcrumb","itemListElement":[{"@type":"ListItem","position":1,"name":"Hem","item":"https:\/\/www.lornedranering.se\/en\/"},{"@type":"ListItem","position":2,"name":"Documentation"}]},{"@type":"WebSite","@id":"https:\/\/www.lornedranering.se\/en\/#website","url":"https:\/\/www.lornedranering.se\/en\/","name":"Lorn\u00e9 Mark & Fastighetsservice AB","description":"Vi utf\u00f6r dr\u00e4nering &amp; isolering i G\u00f6teborg och Malm\u00f6","publisher":{"@id":"https:\/\/www.lornedranering.se\/en\/#organization"},"alternateName":"Lorn\u00e9 Dr\u00e4nering","potentialAction":[{"@type":"SearchAction","target":{"@type":"EntryPoint","urlTemplate":"https:\/\/www.lornedranering.se\/en\/?s={search_term_string}"},"query-input":{"@type":"PropertyValueSpecification","valueRequired":true,"valueName":"search_term_string"}}],"inLanguage":"en-US"},{"@type":["Organization","Place"],"@id":"https:\/\/www.lornedranering.se\/en\/#organization","name":"Lorn\u00e9 Mark & Fastighetsservice AB","alternateName":"Lorn\u00e9 Dr\u00e4nering","url":"https:\/\/www.lornedranering.se\/en\/","logo":{"@id":"https:\/\/www.lornedranering.se\/en\/documentation\/#local-main-organization-logo"},"image":{"@id":"https:\/\/www.lornedranering.se\/en\/documentation\/#local-main-organization-logo"},"sameAs":["https:\/\/www.facebook.com\/lornedranering","https:\/\/www.instagram.com\/lornedranering","https:\/\/www.youtube.com\/channel\/UCVh9f4_ROOUDrIZ2_TlrtDA"],"description":"Vi utf\u00f6r dr\u00e4nering och isolering i G\u00f6teborg och Malm\u00f6. Lorn\u00e9 Mark & Fastighetsservice AB \u00e4r ett v\u00e4letablerat dr\u00e4neringsf\u00f6retag och vi har gjort \u00f6ver 1000 dr\u00e4neringar sedan 2009. Varje \u00e5r g\u00f6r vi \u00f6ver 100 dr\u00e4neringar. Inom koncernen oms\u00e4tter vi \u00f6ver 40 miljoner kronor \u00e5rligen. 10 \u00e5rs garanti p\u00e5 alla utf\u00f6rda dr\u00e4neringar.","legalName":"Lorn\u00e9 Mark & Fastighetsservice AB","foundingDate":"2024-01-01","numberOfEmployees":{"@type":"QuantitativeValue","minValue":"11","maxValue":"50"},"address":{"@id":"https:\/\/www.lornedranering.se\/en\/documentation\/#local-main-place-address"},"geo":{"@type":"GeoCoordinates","latitude":"57.642770","longitude":"11.958410"},"telephone":["031-762 61 88"],"contactPoint":{"@type":"ContactPoint","telephone":"031-762 61 88","email":"lennart@lornemark.se"},"openingHoursSpecification":[{"@type":"OpeningHoursSpecification","dayOfWeek":["Monday","Tuesday","Wednesday","Thursday"],"opens":"08:00","closes":"16:00"},{"@type":"OpeningHoursSpecification","dayOfWeek":["Friday"],"opens":"08:00","closes":"14:00"},{"@type":"OpeningHoursSpecification","dayOfWeek":["Saturday","Sunday"],"opens":"00:00","closes":"00:00"}],"email":"lennart@lornemark.se","vatID":"SE556786122301"},{"@type":"PostalAddress","@id":"https:\/\/www.lornedranering.se\/en\/documentation\/#local-main-place-address","streetAddress":"S\u00f6dra L\u00e5ngebergsgatan 20","addressLocality":"G\u00f6teborg","postalCode":"43632","addressCountry":"SE"},{"@type":"ImageObject","inLanguage":"en-US","@id":"https:\/\/www.lornedranering.se\/en\/documentation\/#local-main-organization-logo","url":"https:\/\/www.lornedranering.se\/wp-content\/uploads\/2024\/05\/cropped-android-chrome-512x512-1.png","contentUrl":"https:\/\/www.lornedranering.se\/wp-content\/uploads\/2024\/05\/cropped-android-chrome-512x512-1.png","width":512,"height":512,"caption":"Lorn\u00e9 Mark & Fastighetsservice AB"}]},"geo.placename":"G\u00f6teborg","geo.position":{"lat":"57.642770","long":"11.958410"},"geo.region":"Sweden"},"_links":{"self":[{"href":"https:\/\/www.lornedranering.se\/en\/wp-json\/wp\/v2\/pages\/1641","targetHints":{"allow":["GET"]}}],"collection":[{"href":"https:\/\/www.lornedranering.se\/en\/wp-json\/wp\/v2\/pages"}],"about":[{"href":"https:\/\/www.lornedranering.se\/en\/wp-json\/wp\/v2\/types\/page"}],"author":[{"embeddable":true,"href":"https:\/\/www.lornedranering.se\/en\/wp-json\/wp\/v2\/users\/1"}],"replies":[{"embeddable":true,"href":"https:\/\/www.lornedranering.se\/en\/wp-json\/wp\/v2\/comments?post=1641"}],"version-history":[{"count":6,"href":"https:\/\/www.lornedranering.se\/en\/wp-json\/wp\/v2\/pages\/1641\/revisions"}],"predecessor-version":[{"id":2012,"href":"https:\/\/www.lornedranering.se\/en\/wp-json\/wp\/v2\/pages\/1641\/revisions\/2012"}],"wp:featuredmedia":[{"embeddable":true,"href":"https:\/\/www.lornedranering.se\/en\/wp-json\/wp\/v2\/media\/1595"}],"wp:attachment":[{"href":"https:\/\/www.lornedranering.se\/en\/wp-json\/wp\/v2\/media?parent=1641"}],"curies":[{"name":"wp","href":"https:\/\/api.w.org\/{rel}","templated":true}]}}