{"id":1640,"date":"2024-04-25T12:00:46","date_gmt":"2024-04-25T12:00:46","guid":{"rendered":"https:\/\/www.lornedranering.se\/book-a-home-visit\/"},"modified":"2025-02-20T11:35:33","modified_gmt":"2025-02-20T11:35:33","slug":"book-a-home-visit","status":"publish","type":"page","link":"https:\/\/www.lornedranering.se\/en\/book-a-home-visit\/","title":{"rendered":"Book a home visit"},"content":{"rendered":"\t\t<div data-elementor-type=\"wp-page\" data-elementor-id=\"1640\" class=\"elementor elementor-1640 elementor-495\" data-elementor-post-type=\"page\">\n\t\t\t\t<div class=\"elementor-element elementor-element-3da72686 e-flex e-con-boxed e-con e-parent\" data-id=\"3da72686\" data-element_type=\"container\" data-e-type=\"container\" data-settings=\"{&quot;background_background&quot;:&quot;gradient&quot;,&quot;shape_divider_bottom&quot;:&quot;waves&quot;}\">\n\t\t\t\t\t<div class=\"e-con-inner\">\n\t\t\t\t<div class=\"elementor-shape elementor-shape-bottom\" aria-hidden=\"true\" data-negative=\"false\">\n\t\t\t<svg xmlns=\"http:\/\/www.w3.org\/2000\/svg\" viewBox=\"0 0 1000 100\" preserveAspectRatio=\"none\">\n\t<path class=\"elementor-shape-fill\" d=\"M421.9,6.5c22.6-2.5,51.5,0.4,75.5,5.3c23.6,4.9,70.9,23.5,100.5,35.7c75.8,32.2,133.7,44.5,192.6,49.7\n\tc23.6,2.1,48.7,3.5,103.4-2.5c54.7-6,106.2-25.6,106.2-25.6V0H0v30.3c0,0,72,32.6,158.4,30.5c39.2-0.7,92.8-6.7,134-22.4\n\tc21.2-8.1,52.2-18.2,79.7-24.2C399.3,7.9,411.6,7.5,421.9,6.5z\"\/>\n<\/svg>\t\t<\/div>\n\t\t\t\t<div class=\"elementor-element elementor-element-71c98444 elementor-widget elementor-widget-heading\" data-id=\"71c98444\" data-element_type=\"widget\" data-e-type=\"widget\" data-widget_type=\"heading.default\">\n\t\t\t\t\t<h1 class=\"elementor-heading-title elementor-size-default\">Book a home visit<\/h1>\t\t\t\t<\/div>\n\t\t\t\t\t<\/div>\n\t\t\t\t<\/div>\n\t\t<div class=\"elementor-element elementor-element-3a6cde71 e-flex e-con-boxed e-con e-parent\" data-id=\"3a6cde71\" data-element_type=\"container\" data-e-type=\"container\" data-settings=\"{&quot;background_background&quot;:&quot;classic&quot;}\">\n\t\t\t\t\t<div class=\"e-con-inner\">\n\t\t<div class=\"elementor-element elementor-element-827a06c e-con-full e-flex e-con e-child\" data-id=\"827a06c\" data-element_type=\"container\" data-e-type=\"container\" data-settings=\"{&quot;background_background&quot;:&quot;classic&quot;,&quot;motion_fx_motion_fx_scrolling&quot;:&quot;yes&quot;,&quot;motion_fx_translateY_effect&quot;:&quot;yes&quot;,&quot;motion_fx_translateY_direction&quot;:&quot;negative&quot;,&quot;motion_fx_translateY_speed&quot;:{&quot;unit&quot;:&quot;px&quot;,&quot;size&quot;:&quot;1&quot;,&quot;sizes&quot;:[]},&quot;motion_fx_devices&quot;:[&quot;desktop&quot;,&quot;tablet&quot;],&quot;motion_fx_translateY_affectedRange&quot;:{&quot;unit&quot;:&quot;%&quot;,&quot;size&quot;:&quot;&quot;,&quot;sizes&quot;:{&quot;start&quot;:0,&quot;end&quot;:100}}}\">\n\t\t\t\t<div class=\"elementor-element elementor-element-1113baf elementor-widget elementor-widget-shortcode\" data-id=\"1113baf\" data-element_type=\"widget\" data-e-type=\"widget\" data-widget_type=\"shortcode.default\">\n\t\t\t\t\t\t\t<div class=\"elementor-shortcode\"><iframe src=\"https:\/\/www.lornedranering.se\/en\/wp-json\/ssa\/v1\/embed-inner?integration&type=boka-kostnadsfri-offert&label&types=1&edit&view&payment_provider&ssa_locale=en_US&ssa_is_rtl&sid=d859c65f03fa0512bc5380de751e55ec90ee2f54&availability_start_date&availability_end_date&suggest_first_available&suggest_first_available_within_minutes&flow&fallback_flow&time_view&date_view&appointment_types_view&version&accent_color&background&padding&font&booking_url=https%3A%2F%2Fwww.lornedranering.se%2Fen%2Fbook-a-home-visit%2F&booking_post_id=1640&booking_title=Book+a+home+visit&_wpnonce=e97a919bf6&redirect_post_id&mepr_membership_id#\/\" height=\"400px\" width=\"100%\" name=\"ssa_booking\" loading=\"eager\" frameborder=\"0\" data-skip-lazy=\"1\" class=\"ssa_booking_iframe skip-lazy\" title=\"Book a time\"><\/iframe><\/div>\n\t\t\t\t\t\t<\/div>\n\t\t\t\t<\/div>\n\t\t<div class=\"elementor-element elementor-element-7a6c36c2 e-con-full e-flex e-con e-child\" data-id=\"7a6c36c2\" data-element_type=\"container\" data-e-type=\"container\">\n\t\t\t\t<div class=\"elementor-element elementor-element-178966d5 elementor-widget elementor-widget-heading\" data-id=\"178966d5\" data-element_type=\"widget\" data-e-type=\"widget\" data-widget_type=\"heading.default\">\n\t\t\t\t\t<h3 class=\"elementor-heading-title elementor-size-default\">We come to your home and count your work<\/h3>\t\t\t\t<\/div>\n\t\t\t\t<div class=\"elementor-element elementor-element-50400989 elementor-widget elementor-widget-heading\" data-id=\"50400989\" data-element_type=\"widget\" data-e-type=\"widget\" data-widget_type=\"heading.default\">\n\t\t\t\t\t<h2 class=\"elementor-heading-title elementor-size-default\">Choose a time that suits you<\/h2>\t\t\t\t<\/div>\n\t\t\t\t<div class=\"elementor-element elementor-element-72eb1305 elementor-tablet-align-center elementor-icon-list--layout-traditional elementor-list-item-link-full_width elementor-widget elementor-widget-icon-list\" data-id=\"72eb1305\" data-element_type=\"widget\" data-e-type=\"widget\" data-widget_type=\"icon-list.default\">\n\t\t\t\t\t\t\t<ul class=\"elementor-icon-list-items\">\n\t\t\t\t\t\t\t<li class=\"elementor-icon-list-item\">\n\t\t\t\t\t\t\t\t\t\t<span class=\"elementor-icon-list-text\">Monday - Friday: 08:00 - 16:00<\/span>\n\t\t\t\t\t\t\t\t\t<\/li>\n\t\t\t\t\t\t<\/ul>\n\t\t\t\t\t\t<\/div>\n\t\t\t\t<div class=\"elementor-element elementor-element-15375b96 elementor-widget elementor-widget-text-editor\" data-id=\"15375b96\" data-element_type=\"widget\" data-e-type=\"widget\" data-widget_type=\"text-editor.default\">\n\t\t\t\t\t\t\t\t\t<p>Take your time and choose a time that works best for you! Once booked, we will come to your home at the agreed time to provide a thorough assessment of your needs. Easy and simple &#8211; we look forward to helping you!  <\/p>\n<p>Welcome<br \/><em>The team at Lorn\u00e9 Drainage<\/em><\/p>\n\t\t\t\t\t\t\t\t<\/div>\n\t\t\t\t<\/div>\n\t\t\t\t\t<\/div>\n\t\t\t\t<\/div>\n\t\t<div class=\"elementor-element elementor-element-2ce10b37 e-flex e-con-boxed e-con e-parent\" data-id=\"2ce10b37\" data-element_type=\"container\" data-e-type=\"container\" data-settings=\"{&quot;background_background&quot;:&quot;gradient&quot;,&quot;shape_divider_top&quot;:&quot;waves&quot;}\">\n\t\t\t\t\t<div class=\"e-con-inner\">\n\t\t\t\t<div class=\"elementor-shape elementor-shape-top\" aria-hidden=\"true\" data-negative=\"false\">\n\t\t\t<svg xmlns=\"http:\/\/www.w3.org\/2000\/svg\" viewBox=\"0 0 1000 100\" preserveAspectRatio=\"none\">\n\t<path class=\"elementor-shape-fill\" d=\"M421.9,6.5c22.6-2.5,51.5,0.4,75.5,5.3c23.6,4.9,70.9,23.5,100.5,35.7c75.8,32.2,133.7,44.5,192.6,49.7\n\tc23.6,2.1,48.7,3.5,103.4-2.5c54.7-6,106.2-25.6,106.2-25.6V0H0v30.3c0,0,72,32.6,158.4,30.5c39.2-0.7,92.8-6.7,134-22.4\n\tc21.2-8.1,52.2-18.2,79.7-24.2C399.3,7.9,411.6,7.5,421.9,6.5z\"\/>\n<\/svg>\t\t<\/div>\n\t\t<div class=\"elementor-element elementor-element-53775b99 e-con-full e-flex e-con e-child\" data-id=\"53775b99\" data-element_type=\"container\" data-e-type=\"container\">\n\t\t\t\t<div class=\"elementor-element elementor-element-4519f578 elementor-widget elementor-widget-heading\" data-id=\"4519f578\" data-element_type=\"widget\" data-e-type=\"widget\" data-widget_type=\"heading.default\">\n\t\t\t\t\t<h4 class=\"elementor-heading-title elementor-size-default\">We perform drainage &amp; insulation in Gothenburg, Malm\u00f6 and Helsingborg and the surrounding area<\/h4>\t\t\t\t<\/div>\n\t\t\t\t<div class=\"elementor-element elementor-element-4fa40f23 elementor-mobile-align-center elementor-widget elementor-widget-button\" data-id=\"4fa40f23\" data-element_type=\"widget\" data-e-type=\"widget\" data-widget_type=\"button.default\">\n\t\t\t\t\t\t\t\t\t\t<a class=\"elementor-button elementor-button-link elementor-size-md\" href=\"https:\/\/www.lornedranering.se\/en\/drainage\/\">\n\t\t\t\t\t\t<span class=\"elementor-button-content-wrapper\">\n\t\t\t\t\t\t<span class=\"elementor-button-icon\">\n\t\t\t\t<svg aria-hidden=\"true\" class=\"e-font-icon-svg e-fas-arrow-right\" viewBox=\"0 0 448 512\" xmlns=\"http:\/\/www.w3.org\/2000\/svg\"><path d=\"M190.5 66.9l22.2-22.2c9.4-9.4 24.6-9.4 33.9 0L441 239c9.4 9.4 9.4 24.6 0 33.9L246.6 467.3c-9.4 9.4-24.6 9.4-33.9 0l-22.2-22.2c-9.5-9.5-9.3-25 .4-34.3L311.4 296H24c-13.3 0-24-10.7-24-24v-32c0-13.3 10.7-24 24-24h287.4L190.9 101.2c-9.8-9.3-10-24.8-.4-34.3z\"><\/path><\/svg>\t\t\t<\/span>\n\t\t\t\t\t\t\t\t\t<span class=\"elementor-button-text\">Drainage<\/span>\n\t\t\t\t\t<\/span>\n\t\t\t\t\t<\/a>\n\t\t\t\t\t\t\t\t<\/div>\n\t\t\t\t<\/div>\n\t\t<div class=\"elementor-element elementor-element-6a5672d1 e-con-full e-flex e-con e-child\" data-id=\"6a5672d1\" data-element_type=\"container\" data-e-type=\"container\">\n\t\t\t\t<div class=\"elementor-element elementor-element-760977e elementor-widget elementor-widget-image\" data-id=\"760977e\" data-element_type=\"widget\" data-e-type=\"widget\" data-settings=\"{&quot;motion_fx_motion_fx_scrolling&quot;:&quot;yes&quot;,&quot;motion_fx_translateY_effect&quot;:&quot;yes&quot;,&quot;motion_fx_translateY_direction&quot;:&quot;negative&quot;,&quot;motion_fx_translateY_speed&quot;:{&quot;unit&quot;:&quot;px&quot;,&quot;size&quot;:&quot;1&quot;,&quot;sizes&quot;:[]},&quot;motion_fx_devices&quot;:[&quot;desktop&quot;,&quot;tablet&quot;],&quot;motion_fx_translateY_affectedRange&quot;:{&quot;unit&quot;:&quot;%&quot;,&quot;size&quot;:&quot;&quot;,&quot;sizes&quot;:{&quot;start&quot;:&quot;0&quot;,&quot;end&quot;:&quot;50&quot;}}}\" data-widget_type=\"image.default\">\n\t\t\t\t\t\t\t\t\t\t\t\t\t\t\t<img fetchpriority=\"high\" decoding=\"async\" width=\"2560\" height=\"1920\" src=\"https:\/\/www.lornedranering.se\/wp-content\/uploads\/2024\/05\/lorneBilarDranering-scaled.jpg\" class=\"attachment-full size-full wp-image-1598\" alt=\"\" srcset=\"https:\/\/www.lornedranering.se\/wp-content\/uploads\/2024\/05\/lorneBilarDranering-scaled.jpg 2560w, https:\/\/www.lornedranering.se\/wp-content\/uploads\/2024\/05\/lorneBilarDranering-300x225.jpg 300w, https:\/\/www.lornedranering.se\/wp-content\/uploads\/2024\/05\/lorneBilarDranering-1024x768.jpg 1024w, https:\/\/www.lornedranering.se\/wp-content\/uploads\/2024\/05\/lorneBilarDranering-768x576.jpg 768w, https:\/\/www.lornedranering.se\/wp-content\/uploads\/2024\/05\/lorneBilarDranering-1536x1152.jpg 1536w, https:\/\/www.lornedranering.se\/wp-content\/uploads\/2024\/05\/lorneBilarDranering-2048x1536.jpg 2048w\" sizes=\"(max-width: 2560px) 100vw, 2560px\" \/>\t\t\t\t\t\t\t\t\t\t\t\t\t\t\t<\/div>\n\t\t\t\t<\/div>\n\t\t\t\t\t<\/div>\n\t\t\t\t<\/div>\n\t\t\t\t<\/div>\n\t\t","protected":false},"excerpt":{"rendered":"<p>Book a home visit We come to your home and count your work Choose a time that suits you Monday &#8211; Friday: 08:00 &#8211; 16:00 Take your time and choose a time that works best for you! Once booked, we will come to your home at the agreed time to provide a thorough assessment of [&hellip;]<\/p>\n","protected":false},"author":1,"featured_media":1570,"parent":0,"menu_order":0,"comment_status":"closed","ping_status":"closed","template":"elementor_header_footer","meta":{"footnotes":""},"class_list":["post-1640","page","type-page","status-publish","has-post-thumbnail","hentry"],"yoast_head":"<!-- This site is optimized with the Yoast SEO Premium plugin v27.1 (Yoast SEO v27.1.1) - https:\/\/yoast.com\/product\/yoast-seo-premium-wordpress\/ -->\n<title>Book a home visit - Lorn\u00e9 Mark &amp; Fastighetsservice AB<\/title>\n<meta name=\"description\" content=\"Book a home visit for a free quote on drainage. We come to your home in Gothenburg and the surrounding area and calculate your drainage solution.\" \/>\n<meta name=\"robots\" content=\"index, follow, max-snippet:-1, max-image-preview:large, max-video-preview:-1\" \/>\n<link rel=\"canonical\" href=\"https:\/\/www.lornedranering.se\/en\/book-a-home-visit\/\" \/>\n<meta property=\"og:locale\" content=\"en_US\" \/>\n<meta property=\"og:type\" content=\"article\" \/>\n<meta property=\"og:title\" content=\"Book a home visit\" \/>\n<meta property=\"og:description\" content=\"Book a home visit for a free quote on drainage. We come to your home in Gothenburg and the surrounding area and calculate your drainage solution.\" \/>\n<meta property=\"og:url\" content=\"https:\/\/www.lornedranering.se\/en\/book-a-home-visit\/\" \/>\n<meta property=\"og:site_name\" content=\"Lorn\u00e9 Mark &amp; Fastighetsservice AB\" \/>\n<meta property=\"article:publisher\" content=\"https:\/\/www.facebook.com\/lornedranering\" \/>\n<meta property=\"article:modified_time\" content=\"2025-02-20T11:35:33+00:00\" \/>\n<meta property=\"og:image\" content=\"https:\/\/www.lornedranering.se\/wp-content\/uploads\/2024\/04\/Lorne-Mark-Selling-poster.png\" \/>\n\t<meta property=\"og:image:width\" content=\"754\" \/>\n\t<meta property=\"og:image:height\" content=\"1764\" \/>\n\t<meta property=\"og:image:type\" content=\"image\/png\" \/>\n<meta name=\"twitter:card\" content=\"summary_large_image\" \/>\n<meta name=\"twitter:label1\" content=\"Est. reading time\" \/>\n\t<meta name=\"twitter:data1\" content=\"1 minute\" \/>\n<script type=\"application\/ld+json\" class=\"yoast-schema-graph\">{\"@context\":\"https:\/\/schema.org\",\"@graph\":[{\"@type\":\"WebPage\",\"@id\":\"https:\/\/www.lornedranering.se\/en\/book-a-home-visit\/\",\"url\":\"https:\/\/www.lornedranering.se\/en\/book-a-home-visit\/\",\"name\":\"Book a home visit - Lorn\u00e9 Mark &amp; Fastighetsservice AB\",\"isPartOf\":{\"@id\":\"https:\/\/www.lornedranering.se\/en\/#website\"},\"primaryImageOfPage\":{\"@id\":\"https:\/\/www.lornedranering.se\/en\/book-a-home-visit\/#primaryimage\"},\"image\":{\"@id\":\"https:\/\/www.lornedranering.se\/en\/book-a-home-visit\/#primaryimage\"},\"thumbnailUrl\":\"https:\/\/www.lornedranering.se\/wp-content\/uploads\/2024\/04\/Lorne-Mark-Selling-poster.png\",\"datePublished\":\"2024-04-25T12:00:46+00:00\",\"dateModified\":\"2025-02-20T11:35:33+00:00\",\"description\":\"Book a home visit for a free quote on drainage. We come to your home in Gothenburg and the surrounding area and calculate your drainage solution.\",\"breadcrumb\":{\"@id\":\"https:\/\/www.lornedranering.se\/en\/book-a-home-visit\/#breadcrumb\"},\"inLanguage\":\"en-US\",\"potentialAction\":[{\"@type\":\"ReadAction\",\"target\":[\"https:\/\/www.lornedranering.se\/en\/book-a-home-visit\/\"]}]},{\"@type\":\"ImageObject\",\"inLanguage\":\"en-US\",\"@id\":\"https:\/\/www.lornedranering.se\/en\/book-a-home-visit\/#primaryimage\",\"url\":\"https:\/\/www.lornedranering.se\/wp-content\/uploads\/2024\/04\/Lorne-Mark-Selling-poster.png\",\"contentUrl\":\"https:\/\/www.lornedranering.se\/wp-content\/uploads\/2024\/04\/Lorne-Mark-Selling-poster.png\",\"width\":754,\"height\":1764},{\"@type\":\"BreadcrumbList\",\"@id\":\"https:\/\/www.lornedranering.se\/en\/book-a-home-visit\/#breadcrumb\",\"itemListElement\":[{\"@type\":\"ListItem\",\"position\":1,\"name\":\"Hem\",\"item\":\"https:\/\/www.lornedranering.se\/en\/\"},{\"@type\":\"ListItem\",\"position\":2,\"name\":\"Book a home visit\"}]},{\"@type\":\"WebSite\",\"@id\":\"https:\/\/www.lornedranering.se\/en\/#website\",\"url\":\"https:\/\/www.lornedranering.se\/en\/\",\"name\":\"Lorn\u00e9 Mark & Fastighetsservice AB\",\"description\":\"Vi utf\u00f6r dr\u00e4nering &amp; isolering i G\u00f6teborg och Malm\u00f6\",\"publisher\":{\"@id\":\"https:\/\/www.lornedranering.se\/en\/#organization\"},\"alternateName\":\"Lorn\u00e9 Dr\u00e4nering\",\"potentialAction\":[{\"@type\":\"SearchAction\",\"target\":{\"@type\":\"EntryPoint\",\"urlTemplate\":\"https:\/\/www.lornedranering.se\/en\/?s={search_term_string}\"},\"query-input\":{\"@type\":\"PropertyValueSpecification\",\"valueRequired\":true,\"valueName\":\"search_term_string\"}}],\"inLanguage\":\"en-US\"},{\"@type\":[\"Organization\",\"Place\"],\"@id\":\"https:\/\/www.lornedranering.se\/en\/#organization\",\"name\":\"Lorn\u00e9 Mark & Fastighetsservice AB\",\"alternateName\":\"Lorn\u00e9 Dr\u00e4nering\",\"url\":\"https:\/\/www.lornedranering.se\/en\/\",\"logo\":{\"@id\":\"https:\/\/www.lornedranering.se\/en\/book-a-home-visit\/#local-main-organization-logo\"},\"image\":{\"@id\":\"https:\/\/www.lornedranering.se\/en\/book-a-home-visit\/#local-main-organization-logo\"},\"sameAs\":[\"https:\/\/www.facebook.com\/lornedranering\",\"https:\/\/www.instagram.com\/lornedranering\",\"https:\/\/www.youtube.com\/channel\/UCVh9f4_ROOUDrIZ2_TlrtDA\"],\"description\":\"Vi utf\u00f6r dr\u00e4nering och isolering i G\u00f6teborg och Malm\u00f6. Lorn\u00e9 Mark & Fastighetsservice AB \u00e4r ett v\u00e4letablerat dr\u00e4neringsf\u00f6retag och vi har gjort \u00f6ver 1000 dr\u00e4neringar sedan 2009. Varje \u00e5r g\u00f6r vi \u00f6ver 100 dr\u00e4neringar. Inom koncernen oms\u00e4tter vi \u00f6ver 40 miljoner kronor \u00e5rligen. 10 \u00e5rs garanti p\u00e5 alla utf\u00f6rda dr\u00e4neringar.\",\"legalName\":\"Lorn\u00e9 Mark & Fastighetsservice AB\",\"foundingDate\":\"2024-01-01\",\"numberOfEmployees\":{\"@type\":\"QuantitativeValue\",\"minValue\":\"11\",\"maxValue\":\"50\"},\"address\":{\"@id\":\"https:\/\/www.lornedranering.se\/en\/book-a-home-visit\/#local-main-place-address\"},\"geo\":{\"@type\":\"GeoCoordinates\",\"latitude\":\"57.642770\",\"longitude\":\"11.958410\"},\"telephone\":[\"031-762 61 88\"],\"contactPoint\":{\"@type\":\"ContactPoint\",\"telephone\":\"031-762 61 88\",\"email\":\"lennart@lornemark.se\"},\"openingHoursSpecification\":[{\"@type\":\"OpeningHoursSpecification\",\"dayOfWeek\":[\"Monday\",\"Tuesday\",\"Wednesday\",\"Thursday\"],\"opens\":\"08:00\",\"closes\":\"16:00\"},{\"@type\":\"OpeningHoursSpecification\",\"dayOfWeek\":[\"Friday\"],\"opens\":\"08:00\",\"closes\":\"14:00\"},{\"@type\":\"OpeningHoursSpecification\",\"dayOfWeek\":[\"Saturday\",\"Sunday\"],\"opens\":\"00:00\",\"closes\":\"00:00\"}],\"email\":\"lennart@lornemark.se\",\"vatID\":\"SE556786122301\"},{\"@type\":\"PostalAddress\",\"@id\":\"https:\/\/www.lornedranering.se\/en\/book-a-home-visit\/#local-main-place-address\",\"streetAddress\":\"S\u00f6dra L\u00e5ngebergsgatan 20\",\"addressLocality\":\"G\u00f6teborg\",\"postalCode\":\"43632\",\"addressCountry\":\"SE\"},{\"@type\":\"ImageObject\",\"inLanguage\":\"en-US\",\"@id\":\"https:\/\/www.lornedranering.se\/en\/book-a-home-visit\/#local-main-organization-logo\",\"url\":\"https:\/\/www.lornedranering.se\/wp-content\/uploads\/2024\/05\/cropped-android-chrome-512x512-1.png\",\"contentUrl\":\"https:\/\/www.lornedranering.se\/wp-content\/uploads\/2024\/05\/cropped-android-chrome-512x512-1.png\",\"width\":512,\"height\":512,\"caption\":\"Lorn\u00e9 Mark & Fastighetsservice AB\"}]}<\/script>\n<meta name=\"geo.placename\" content=\"G\u00f6teborg\" \/>\n<meta name=\"geo.position\" content=\"57.642770;11.958410\" \/>\n<meta name=\"geo.region\" content=\"Sweden\" \/>\n<!-- \/ Yoast SEO Premium plugin. -->","yoast_head_json":{"title":"Book a home visit - Lorn\u00e9 Mark &amp; Fastighetsservice AB","description":"Book a home visit for a free quote on drainage. We come to your home in Gothenburg and the surrounding area and calculate your drainage solution.","robots":{"index":"index","follow":"follow","max-snippet":"max-snippet:-1","max-image-preview":"max-image-preview:large","max-video-preview":"max-video-preview:-1"},"canonical":"https:\/\/www.lornedranering.se\/en\/book-a-home-visit\/","og_locale":"en_US","og_type":"article","og_title":"Book a home visit","og_description":"Book a home visit for a free quote on drainage. We come to your home in Gothenburg and the surrounding area and calculate your drainage solution.","og_url":"https:\/\/www.lornedranering.se\/en\/book-a-home-visit\/","og_site_name":"Lorn\u00e9 Mark &amp; Fastighetsservice AB","article_publisher":"https:\/\/www.facebook.com\/lornedranering","article_modified_time":"2025-02-20T11:35:33+00:00","og_image":[{"width":754,"height":1764,"url":"https:\/\/www.lornedranering.se\/wp-content\/uploads\/2024\/04\/Lorne-Mark-Selling-poster.png","type":"image\/png"}],"twitter_card":"summary_large_image","twitter_misc":{"Est. reading time":"1 minute"},"schema":{"@context":"https:\/\/schema.org","@graph":[{"@type":"WebPage","@id":"https:\/\/www.lornedranering.se\/en\/book-a-home-visit\/","url":"https:\/\/www.lornedranering.se\/en\/book-a-home-visit\/","name":"Book a home visit - Lorn\u00e9 Mark &amp; Fastighetsservice AB","isPartOf":{"@id":"https:\/\/www.lornedranering.se\/en\/#website"},"primaryImageOfPage":{"@id":"https:\/\/www.lornedranering.se\/en\/book-a-home-visit\/#primaryimage"},"image":{"@id":"https:\/\/www.lornedranering.se\/en\/book-a-home-visit\/#primaryimage"},"thumbnailUrl":"https:\/\/www.lornedranering.se\/wp-content\/uploads\/2024\/04\/Lorne-Mark-Selling-poster.png","datePublished":"2024-04-25T12:00:46+00:00","dateModified":"2025-02-20T11:35:33+00:00","description":"Book a home visit for a free quote on drainage. We come to your home in Gothenburg and the surrounding area and calculate your drainage solution.","breadcrumb":{"@id":"https:\/\/www.lornedranering.se\/en\/book-a-home-visit\/#breadcrumb"},"inLanguage":"en-US","potentialAction":[{"@type":"ReadAction","target":["https:\/\/www.lornedranering.se\/en\/book-a-home-visit\/"]}]},{"@type":"ImageObject","inLanguage":"en-US","@id":"https:\/\/www.lornedranering.se\/en\/book-a-home-visit\/#primaryimage","url":"https:\/\/www.lornedranering.se\/wp-content\/uploads\/2024\/04\/Lorne-Mark-Selling-poster.png","contentUrl":"https:\/\/www.lornedranering.se\/wp-content\/uploads\/2024\/04\/Lorne-Mark-Selling-poster.png","width":754,"height":1764},{"@type":"BreadcrumbList","@id":"https:\/\/www.lornedranering.se\/en\/book-a-home-visit\/#breadcrumb","itemListElement":[{"@type":"ListItem","position":1,"name":"Hem","item":"https:\/\/www.lornedranering.se\/en\/"},{"@type":"ListItem","position":2,"name":"Book a home visit"}]},{"@type":"WebSite","@id":"https:\/\/www.lornedranering.se\/en\/#website","url":"https:\/\/www.lornedranering.se\/en\/","name":"Lorn\u00e9 Mark & Fastighetsservice AB","description":"Vi utf\u00f6r dr\u00e4nering &amp; isolering i G\u00f6teborg och Malm\u00f6","publisher":{"@id":"https:\/\/www.lornedranering.se\/en\/#organization"},"alternateName":"Lorn\u00e9 Dr\u00e4nering","potentialAction":[{"@type":"SearchAction","target":{"@type":"EntryPoint","urlTemplate":"https:\/\/www.lornedranering.se\/en\/?s={search_term_string}"},"query-input":{"@type":"PropertyValueSpecification","valueRequired":true,"valueName":"search_term_string"}}],"inLanguage":"en-US"},{"@type":["Organization","Place"],"@id":"https:\/\/www.lornedranering.se\/en\/#organization","name":"Lorn\u00e9 Mark & Fastighetsservice AB","alternateName":"Lorn\u00e9 Dr\u00e4nering","url":"https:\/\/www.lornedranering.se\/en\/","logo":{"@id":"https:\/\/www.lornedranering.se\/en\/book-a-home-visit\/#local-main-organization-logo"},"image":{"@id":"https:\/\/www.lornedranering.se\/en\/book-a-home-visit\/#local-main-organization-logo"},"sameAs":["https:\/\/www.facebook.com\/lornedranering","https:\/\/www.instagram.com\/lornedranering","https:\/\/www.youtube.com\/channel\/UCVh9f4_ROOUDrIZ2_TlrtDA"],"description":"Vi utf\u00f6r dr\u00e4nering och isolering i G\u00f6teborg och Malm\u00f6. Lorn\u00e9 Mark & Fastighetsservice AB \u00e4r ett v\u00e4letablerat dr\u00e4neringsf\u00f6retag och vi har gjort \u00f6ver 1000 dr\u00e4neringar sedan 2009. Varje \u00e5r g\u00f6r vi \u00f6ver 100 dr\u00e4neringar. Inom koncernen oms\u00e4tter vi \u00f6ver 40 miljoner kronor \u00e5rligen. 10 \u00e5rs garanti p\u00e5 alla utf\u00f6rda dr\u00e4neringar.","legalName":"Lorn\u00e9 Mark & Fastighetsservice AB","foundingDate":"2024-01-01","numberOfEmployees":{"@type":"QuantitativeValue","minValue":"11","maxValue":"50"},"address":{"@id":"https:\/\/www.lornedranering.se\/en\/book-a-home-visit\/#local-main-place-address"},"geo":{"@type":"GeoCoordinates","latitude":"57.642770","longitude":"11.958410"},"telephone":["031-762 61 88"],"contactPoint":{"@type":"ContactPoint","telephone":"031-762 61 88","email":"lennart@lornemark.se"},"openingHoursSpecification":[{"@type":"OpeningHoursSpecification","dayOfWeek":["Monday","Tuesday","Wednesday","Thursday"],"opens":"08:00","closes":"16:00"},{"@type":"OpeningHoursSpecification","dayOfWeek":["Friday"],"opens":"08:00","closes":"14:00"},{"@type":"OpeningHoursSpecification","dayOfWeek":["Saturday","Sunday"],"opens":"00:00","closes":"00:00"}],"email":"lennart@lornemark.se","vatID":"SE556786122301"},{"@type":"PostalAddress","@id":"https:\/\/www.lornedranering.se\/en\/book-a-home-visit\/#local-main-place-address","streetAddress":"S\u00f6dra L\u00e5ngebergsgatan 20","addressLocality":"G\u00f6teborg","postalCode":"43632","addressCountry":"SE"},{"@type":"ImageObject","inLanguage":"en-US","@id":"https:\/\/www.lornedranering.se\/en\/book-a-home-visit\/#local-main-organization-logo","url":"https:\/\/www.lornedranering.se\/wp-content\/uploads\/2024\/05\/cropped-android-chrome-512x512-1.png","contentUrl":"https:\/\/www.lornedranering.se\/wp-content\/uploads\/2024\/05\/cropped-android-chrome-512x512-1.png","width":512,"height":512,"caption":"Lorn\u00e9 Mark & Fastighetsservice AB"}]},"geo.placename":"G\u00f6teborg","geo.position":{"lat":"57.642770","long":"11.958410"},"geo.region":"Sweden"},"_links":{"self":[{"href":"https:\/\/www.lornedranering.se\/en\/wp-json\/wp\/v2\/pages\/1640","targetHints":{"allow":["GET"]}}],"collection":[{"href":"https:\/\/www.lornedranering.se\/en\/wp-json\/wp\/v2\/pages"}],"about":[{"href":"https:\/\/www.lornedranering.se\/en\/wp-json\/wp\/v2\/types\/page"}],"author":[{"embeddable":true,"href":"https:\/\/www.lornedranering.se\/en\/wp-json\/wp\/v2\/users\/1"}],"replies":[{"embeddable":true,"href":"https:\/\/www.lornedranering.se\/en\/wp-json\/wp\/v2\/comments?post=1640"}],"version-history":[{"count":19,"href":"https:\/\/www.lornedranering.se\/en\/wp-json\/wp\/v2\/pages\/1640\/revisions"}],"predecessor-version":[{"id":2105,"href":"https:\/\/www.lornedranering.se\/en\/wp-json\/wp\/v2\/pages\/1640\/revisions\/2105"}],"wp:featuredmedia":[{"embeddable":true,"href":"https:\/\/www.lornedranering.se\/en\/wp-json\/wp\/v2\/media\/1570"}],"wp:attachment":[{"href":"https:\/\/www.lornedranering.se\/en\/wp-json\/wp\/v2\/media?parent=1640"}],"curies":[{"name":"wp","href":"https:\/\/api.w.org\/{rel}","templated":true}]}}